{"id":3181,"date":"2025-09-08T09:44:22","date_gmt":"2025-09-08T15:44:22","guid":{"rendered":"https:\/\/papilia.net\/papilia2021\/?page_id=3181"},"modified":"2025-09-15T21:38:30","modified_gmt":"2025-09-16T03:38:30","slug":"quienes-somos","status":"publish","type":"page","link":"https:\/\/papilia.net\/papilia2021\/quienes-somos\/","title":{"rendered":"Con\u00f3cenos"},"content":{"rendered":"\n<h2 class=\"wp-block-heading has-text-color has-link-color wp-elements-d084bfe4e5ba8be6703dffedabc2b948\" style=\"color:#38b0f5\">\u00bfQui\u00e9nes somos?<\/h2>\n\n\n\n<p>Granja Papilia Mariposas conocida como Papilia\u2026Delivering Wishes es un criadero 100% mexicano dedicado a reproducir y liberar mariposas vivas en el marco de eventos especiales. Nuestra labor tiene como fin principal el cuidado de los ecosistemas por lo que adem\u00e1s de las labores de crianza de mariposas nos dedicamos a educar y crear conciencia sobre el cuidado y respeto a la naturaleza.<\/p>\n\n\n\n<p>Somos una Unidad de Manejo Ambiental autorizada por SEMARNAT . Contamos con permisos de crianza, transporte y comercializaci\u00f3n para realizar nuestras actividades. Criamos mariposa AAA certificada a nivel internacional, exclusiva de PAPILIA en nuestras 8 unidades de producci\u00f3n en M\u00e9xico ( EDO MEX, GRO, MOR, QROO, VER, CHIS, OAX,PUE). Entregamos mariposas vivas en todo el pa\u00eds y exportamos material entomol\u00f3gico. Reproducimos mariposas para exhibici\u00f3n, liberaci\u00f3n, investigaci\u00f3n, colecci\u00f3n y polinizadores para diferentes aplicaciones. Gracias por tu preferencia.<\/p>\n\n\n\n<div class=\"wp-block-group alignfull is-content-justification-center is-layout-constrained wp-container-core-group-is-layout-df757ecc wp-block-group-is-layout-constrained\" style=\"margin-top:0;margin-bottom:0;padding-top:calc( 0.5 * var(--wp--style--root--padding-right, var(--wp--custom--gap--horizontal)));padding-right:var(--wp--style--root--padding-right, var(--wp--custom--gap--horizontal));padding-bottom:calc( 0.5 * var(--wp--style--root--padding-right, var(--wp--custom--gap--horizontal)));padding-left:var(--wp--style--root--padding-left, var(--wp--custom--gap--horizontal))\">\n<div style=\"height:calc( 0.25 * var(--wp--style--root--padding-right, var(--wp--custom--gap--horizontal)))\" aria-hidden=\"true\" class=\"wp-block-spacer\"><\/div>\n\n\n\n<div class=\"wp-block-uagb-container uagb-block-35a5e740 alignfull uagb-is-root-container\"><div class=\"uagb-container-inner-blocks-wrap\">\n<p>En Granja Papilia Mariposas ofrecemos una amplia gama de opciones relacionadas con la integraci\u00f3n de mariposas vivas al medio ambiente, lo cual nos permite brindar la mejor alternativa para cada ocasi\u00f3n.<\/p>\n<\/div><\/div>\n\n\n\n<div style=\"height:calc( 0.25 * var(--wp--style--root--padding-right, var(--wp--custom--gap--horizontal)))\" aria-hidden=\"true\" class=\"wp-block-spacer\"><\/div>\n<\/div>\n\n\n\n<figure class=\"wp-block-image aligncenter size-large\"><img loading=\"lazy\" decoding=\"async\" width=\"1024\" height=\"294\" src=\"https:\/\/papilia.net\/papilia2021\/wp-content\/uploads\/2025\/09\/Captura-de-pantalla-2025-09-05-184108-1024x294.png\" alt=\"captura de pantalla 2025 09 05 184108\" class=\"wp-image-3171\" srcset=\"https:\/\/papilia.net\/papilia2021\/wp-content\/uploads\/2025\/09\/Captura-de-pantalla-2025-09-05-184108-1024x294.png 1024w, https:\/\/papilia.net\/papilia2021\/wp-content\/uploads\/2025\/09\/Captura-de-pantalla-2025-09-05-184108-300x86.png 300w, https:\/\/papilia.net\/papilia2021\/wp-content\/uploads\/2025\/09\/Captura-de-pantalla-2025-09-05-184108-768x221.png 768w, https:\/\/papilia.net\/papilia2021\/wp-content\/uploads\/2025\/09\/Captura-de-pantalla-2025-09-05-184108-600x172.png 600w, https:\/\/papilia.net\/papilia2021\/wp-content\/uploads\/2025\/09\/Captura-de-pantalla-2025-09-05-184108.png 1527w\" sizes=\"auto, (max-width: 1024px) 100vw, 1024px\" \/><\/figure>\n\n\n\n<div class=\"wp-block-uagb-advanced-heading uagb-block-458f9303\"><h2 class=\"uagb-heading-text\">\u00bfC\u00f3mo contribuye Granja Papilia Mariposas al cuidado del medio ambiente?<\/h2><\/div>\n\n\n\n<p>La integraci\u00f3n de mariposas al medio ambiente en el marco de celebraciones o eventos especiales permite fomentar el cultivo de mariposas. El conjunto de actividades que se realizan para criar mariposas tienen un impacto positivo en la conservaci\u00f3n de \u00e1reas naturales, favorece la adopci\u00f3n de pr\u00e1cticas de agricultura responsable, evita la contaminaci\u00f3n del agua y permite acrecentar la educaci\u00f3n ambiental de las personas. Por lo tanto, cada vez que liberamos una mariposa tenemos la oportunidad de apoyar a la conservaci\u00f3n de la naturaleza, adem\u00e1s de vivir un momento \u201cm\u00e1gico\u201d dado el simbolismo de las mariposas.<\/p>\n\n\n\n<div class=\"wp-block-uagb-icon-list uagb-block-5223646d\"><div class=\"uagb-icon-list__wrap\">\n<div class=\"wp-block-uagb-icon-list-child uagb-block-84387f96\"><span class=\"uagb-icon-list__source-wrap\"><svg xmlns=\"https:\/\/www.w3.org\/2000\/svg\" viewBox=\"0 0 512 512\"><path d=\"M256 0C114.6 0 0 114.6 0 256c0 141.4 114.6 256 256 256s256-114.6 256-256C512 114.6 397.4 0 256 0zM406.6 278.6l-103.1 103.1c-12.5 12.5-32.75 12.5-45.25 0s-12.5-32.75 0-45.25L306.8 288H128C110.3 288 96 273.7 96 256s14.31-32 32-32h178.8l-49.38-49.38c-12.5-12.5-12.5-32.75 0-45.25s32.75-12.5 45.25 0l103.1 103.1C414.6 241.3 416 251.1 416 256C416 260.9 414.6 270.7 406.6 278.6z\"><\/path><\/svg><\/span><span class=\"uagb-icon-list__label\">a. Recuperamos zonas erosionadas<\/span><\/div>\n<\/div><\/div>\n\n\n\n<p><\/p>\n\n\n\n<div class=\"wp-block-columns alignwide are-vertically-aligned-top is-layout-flex wp-container-core-columns-is-layout-08c01c1c wp-block-columns-is-layout-flex\">\n<div class=\"wp-block-column is-vertically-aligned-top is-layout-flow wp-block-column-is-layout-flow\">\n<figure class=\"wp-block-image size-large\"><img loading=\"lazy\" decoding=\"async\" width=\"1024\" height=\"458\" src=\"https:\/\/papilia.net\/papilia2021\/wp-content\/uploads\/2025\/09\/Captura-de-pantalla-2025-09-05-182340-1024x458.png\" alt=\"captura de pantalla 2025 09 05 182340\" class=\"wp-image-3165\" srcset=\"https:\/\/papilia.net\/papilia2021\/wp-content\/uploads\/2025\/09\/Captura-de-pantalla-2025-09-05-182340-1024x458.png 1024w, https:\/\/papilia.net\/papilia2021\/wp-content\/uploads\/2025\/09\/Captura-de-pantalla-2025-09-05-182340-300x134.png 300w, https:\/\/papilia.net\/papilia2021\/wp-content\/uploads\/2025\/09\/Captura-de-pantalla-2025-09-05-182340-768x343.png 768w, https:\/\/papilia.net\/papilia2021\/wp-content\/uploads\/2025\/09\/Captura-de-pantalla-2025-09-05-182340-600x268.png 600w, https:\/\/papilia.net\/papilia2021\/wp-content\/uploads\/2025\/09\/Captura-de-pantalla-2025-09-05-182340.png 1127w\" sizes=\"auto, (max-width: 1024px) 100vw, 1024px\" \/><\/figure>\n<\/div>\n<\/div>\n\n\n\n<div class=\"wp-block-uagb-icon-list uagb-block-145f94d4\"><div class=\"uagb-icon-list__wrap\">\n<div class=\"wp-block-uagb-icon-list-child uagb-block-581e88ba\"><span class=\"uagb-icon-list__source-wrap\"><svg xmlns=\"https:\/\/www.w3.org\/2000\/svg\" viewBox=\"0 0 512 512\"><path d=\"M256 0C114.6 0 0 114.6 0 256c0 141.4 114.6 256 256 256s256-114.6 256-256C512 114.6 397.4 0 256 0zM406.6 278.6l-103.1 103.1c-12.5 12.5-32.75 12.5-45.25 0s-12.5-32.75 0-45.25L306.8 288H128C110.3 288 96 273.7 96 256s14.31-32 32-32h178.8l-49.38-49.38c-12.5-12.5-12.5-32.75 0-45.25s32.75-12.5 45.25 0l103.1 103.1C414.6 241.3 416 251.1 416 256C416 260.9 414.6 270.7 406.6 278.6z\"><\/path><\/svg><\/span><span class=\"uagb-icon-list__label\">b. Evitamos la contaminaci\u00f3n del agua.<\/span><\/div>\n<\/div><\/div>\n\n\n\n<p><strong>PAPILIA <\/strong>limpia los apancles y canales de agua rodada que han sido contaminados por el uso de fertilizantes qu\u00edmicos y organiza brigadas de \u201ceducaci\u00f3n\u201d donde muestra a los campesinos como eliminar adecuadamente los residuos de los fertilizantes qu\u00edmicos para no contaminar el agua de riego con bolsas y envases vac\u00edos<\/p>\n\n\n\n<div class=\"wp-block-uagb-image uagb-block-fad42401 wp-block-uagb-image--layout-default wp-block-uagb-image--effect-static wp-block-uagb-image--align-none\"><figure class=\"wp-block-uagb-image__figure\"><img decoding=\"async\" srcset=\"https:\/\/papilia.net\/papilia2021\/wp-content\/uploads\/2025\/09\/Captura-de-pantalla-2025-09-05-182910-2.png ,https:\/\/papilia.net\/papilia2021\/wp-content\/uploads\/2025\/09\/Captura-de-pantalla-2025-09-05-182910-2.png 780w, https:\/\/papilia.net\/papilia2021\/wp-content\/uploads\/2025\/09\/Captura-de-pantalla-2025-09-05-182910-2.png 360w\" sizes=\"auto, (max-width: 480px) 150px\" src=\"https:\/\/papilia.net\/papilia2021\/wp-content\/uploads\/2025\/09\/Captura-de-pantalla-2025-09-05-182910-2.png\" alt=\"captura de pantalla 2025 09 05 182910\" class=\"uag-image-3169\" width=\"618\" height=\"403\" title=\"captura de pantalla 2025 09 05 182910\" loading=\"lazy\" role=\"img\"\/><\/figure><\/div>\n\n\n\n<div class=\"wp-block-uagb-icon-list uagb-block-7288cee3\"><div class=\"uagb-icon-list__wrap\">\n<div class=\"wp-block-uagb-icon-list-child uagb-block-e1873bab\"><span class=\"uagb-icon-list__source-wrap\"><svg xmlns=\"https:\/\/www.w3.org\/2000\/svg\" viewBox=\"0 0 512 512\"><path d=\"M256 0C114.6 0 0 114.6 0 256c0 141.4 114.6 256 256 256s256-114.6 256-256C512 114.6 397.4 0 256 0zM406.6 278.6l-103.1 103.1c-12.5 12.5-32.75 12.5-45.25 0s-12.5-32.75 0-45.25L306.8 288H128C110.3 288 96 273.7 96 256s14.31-32 32-32h178.8l-49.38-49.38c-12.5-12.5-12.5-32.75 0-45.25s32.75-12.5 45.25 0l103.1 103.1C414.6 241.3 416 251.1 416 256C416 260.9 414.6 270.7 406.6 278.6z\"><\/path><\/svg><\/span><span class=\"uagb-icon-list__label\">c. Conservamos zonas naturales<\/span><\/div>\n<\/div><\/div>\n\n\n\n<p><strong>PAPILIA <\/strong>entrega un incentivo econ\u00f3mico a los habitantes de los lugares donde est\u00e1n establecidas las granjas de mariposas a cambio de no alterar los ecosistemas y cuidar el medio ambiente. Debido a que las familias reciben una aportaci\u00f3n econ\u00f3mica por mantener las condiciones naturales, desaparece el incentivo de dedicar nuevos espacios a la actividad agr\u00edcola invasiva.<\/p>\n\n\n\n<div class=\"wp-block-uagb-image uagb-block-a475be56 wp-block-uagb-image--layout-default wp-block-uagb-image--effect-static wp-block-uagb-image--align-none\"><figure class=\"wp-block-uagb-image__figure\"><img decoding=\"async\" srcset=\"https:\/\/papilia.net\/papilia2021\/wp-content\/uploads\/2025\/09\/Captura-de-pantalla-2025-09-05-183649.png ,https:\/\/papilia.net\/papilia2021\/wp-content\/uploads\/2025\/09\/Captura-de-pantalla-2025-09-05-183649.png 780w, https:\/\/papilia.net\/papilia2021\/wp-content\/uploads\/2025\/09\/Captura-de-pantalla-2025-09-05-183649.png 360w\" sizes=\"auto, (max-width: 480px) 150px\" src=\"https:\/\/papilia.net\/papilia2021\/wp-content\/uploads\/2025\/09\/Captura-de-pantalla-2025-09-05-183649.png\" alt=\"captura de pantalla 2025 09 05 183649\" class=\"uag-image-3170\" width=\"459\" height=\"376\" title=\"captura de pantalla 2025 09 05 183649\" loading=\"lazy\" role=\"img\"\/><\/figure><\/div>\n\n\n\n<div class=\"wp-block-uagb-icon-list uagb-block-aab2a0ca\"><div class=\"uagb-icon-list__wrap\">\n<div class=\"wp-block-uagb-icon-list-child uagb-block-bdae3fd6\"><span class=\"uagb-icon-list__source-wrap\"><svg xmlns=\"https:\/\/www.w3.org\/2000\/svg\" viewBox=\"0 0 512 512\"><path d=\"M256 0C114.6 0 0 114.6 0 256c0 141.4 114.6 256 256 256s256-114.6 256-256C512 114.6 397.4 0 256 0zM406.6 278.6l-103.1 103.1c-12.5 12.5-32.75 12.5-45.25 0s-12.5-32.75 0-45.25L306.8 288H128C110.3 288 96 273.7 96 256s14.31-32 32-32h178.8l-49.38-49.38c-12.5-12.5-12.5-32.75 0-45.25s32.75-12.5 45.25 0l103.1 103.1C414.6 241.3 416 251.1 416 256C416 260.9 414.6 270.7 406.6 278.6z\"><\/path><\/svg><\/span><span class=\"uagb-icon-list__label\">d. Sustituimos cultivos a base de qu\u00edmicos por cultivos org\u00e1nicos.<\/span><\/div>\n<\/div><\/div>\n\n\n\n<p>PAPILIA al cultivar las mariposas debe sustituir los cultivos intensivos en el uso de qu\u00edmicos por cultivos org\u00e1nicos (100% naturales), ya que las mariposas no pueden completar su ciclo si se alimentan de plantas que han sido tratadas con fertilizantes, plaguicidas o cualquier otro tipo de producto qu\u00edmico.<\/p>\n\n\n\n<div class=\"wp-block-uagb-image uagb-block-ccf7c057 wp-block-uagb-image--layout-default wp-block-uagb-image--effect-static wp-block-uagb-image--align-none\"><figure class=\"wp-block-uagb-image__figure\"><img decoding=\"async\" srcset=\"https:\/\/papilia.net\/papilia2021\/wp-content\/uploads\/2025\/09\/Captura-de-pantalla-2025-09-05-184304-1.png ,https:\/\/papilia.net\/papilia2021\/wp-content\/uploads\/2025\/09\/Captura-de-pantalla-2025-09-05-184304-1.png 780w, https:\/\/papilia.net\/papilia2021\/wp-content\/uploads\/2025\/09\/Captura-de-pantalla-2025-09-05-184304-1.png 360w\" sizes=\"auto, (max-width: 480px) 150px\" src=\"https:\/\/papilia.net\/papilia2021\/wp-content\/uploads\/2025\/09\/Captura-de-pantalla-2025-09-05-184304-1.png\" alt=\"captura de pantalla 2025 09 05 184304\" class=\"uag-image-3173\" width=\"604\" height=\"453\" title=\"captura de pantalla 2025 09 05 184304\" loading=\"lazy\" role=\"img\"\/><\/figure><\/div>\n\n\n\n<div class=\"wp-block-uagb-container uagb-block-0bc8b781 alignfull uagb-is-root-container\"><div class=\"uagb-container-inner-blocks-wrap\">\n<div class=\"wp-block-uagb-buttons uagb-buttons__outer-wrap uagb-btn__default-btn uagb-btn-tablet__default-btn uagb-btn-mobile__default-btn uagb-block-d583ef49\"><div class=\"uagb-buttons__wrap uagb-buttons-layout-wrap \">\n<div class=\"wp-block-uagb-buttons-child uagb-buttons__outer-wrap uagb-block-f328788c wp-block-button\"><div class=\"uagb-button__wrapper\"><a class=\"uagb-buttons-repeater wp-block-button__link\" aria-label=\"\" href=\"https:\/\/papilia.net\/papilia2021\/\" rel=\"follow noopener\" target=\"_self\" role=\"button\"><span class=\"uagb-button__icon uagb-button__icon-position-before\"><svg xmlns=\"https:\/\/www.w3.org\/2000\/svg\" viewBox=\"0 0 448 512\" aria-hidden=\"true\" focussable=\"false\"><path d=\"M447.1 256C447.1 273.7 433.7 288 416 288H109.3l105.4 105.4c12.5 12.5 12.5 32.75 0 45.25C208.4 444.9 200.2 448 192 448s-16.38-3.125-22.62-9.375l-160-160c-12.5-12.5-12.5-32.75 0-45.25l160-160c12.5-12.5 32.75-12.5 45.25 0s12.5 32.75 0 45.25L109.3 224H416C433.7 224 447.1 238.3 447.1 256z\"><\/path><\/svg><\/span><div class=\"uagb-button__link\"> Regresar al inicio<\/div><\/a><\/div><\/div>\n<\/div><\/div>\n<\/div><\/div>\n","protected":false},"excerpt":{"rendered":"<p>\u00bfQui\u00e9nes somos? Granja Papilia Mariposas conocida como Papilia\u2026Delivering Wishes es un criadero 100% mexicano dedicado a reproducir y liberar mariposas vivas en el marco de eventos especiales. Nuestra labor tiene como fin principal el cuidado de los ecosistemas por lo que adem\u00e1s de las labores de crianza de mariposas nos dedicamos a educar y crear [&hellip;]<\/p>\n","protected":false},"author":1,"featured_media":0,"parent":0,"menu_order":0,"comment_status":"closed","ping_status":"closed","template":"","meta":{"_uag_custom_page_level_css":"","site-sidebar-layout":"default","site-content-layout":"","ast-site-content-layout":"default","site-content-style":"default","site-sidebar-style":"default","ast-global-header-display":"","ast-banner-title-visibility":"","ast-main-header-display":"","ast-hfb-above-header-display":"","ast-hfb-below-header-display":"","ast-hfb-mobile-header-display":"","site-post-title":"","ast-breadcrumbs-content":"","ast-featured-img":"","footer-sml-layout":"","ast-disable-related-posts":"","theme-transparent-header-meta":"","adv-header-id-meta":"","stick-header-meta":"","header-above-stick-meta":"","header-main-stick-meta":"","header-below-stick-meta":"","astra-migrate-meta-layouts":"set","ast-page-background-enabled":"default","ast-page-background-meta":{"desktop":{"background-color":"var(--ast-global-color-4)","background-image":"","background-repeat":"repeat","background-position":"center center","background-size":"auto","background-attachment":"scroll","background-type":"","background-media":"","overlay-type":"","overlay-color":"","overlay-opacity":"","overlay-gradient":""},"tablet":{"background-color":"","background-image":"","background-repeat":"repeat","background-position":"center center","background-size":"auto","background-attachment":"scroll","background-type":"","background-media":"","overlay-type":"","overlay-color":"","overlay-opacity":"","overlay-gradient":""},"mobile":{"background-color":"","background-image":"","background-repeat":"repeat","background-position":"center center","background-size":"auto","background-attachment":"scroll","background-type":"","background-media":"","overlay-type":"","overlay-color":"","overlay-opacity":"","overlay-gradient":""}},"ast-content-background-meta":{"desktop":{"background-color":"var(--ast-global-color-5)","background-image":"","background-repeat":"repeat","background-position":"center center","background-size":"auto","background-attachment":"scroll","background-type":"","background-media":"","overlay-type":"","overlay-color":"","overlay-opacity":"","overlay-gradient":""},"tablet":{"background-color":"var(--ast-global-color-5)","background-image":"","background-repeat":"repeat","background-position":"center center","background-size":"auto","background-attachment":"scroll","background-type":"","background-media":"","overlay-type":"","overlay-color":"","overlay-opacity":"","overlay-gradient":""},"mobile":{"background-color":"var(--ast-global-color-5)","background-image":"","background-repeat":"repeat","background-position":"center center","background-size":"auto","background-attachment":"scroll","background-type":"","background-media":"","overlay-type":"","overlay-color":"","overlay-opacity":"","overlay-gradient":""}},"footnotes":""},"class_list":["post-3181","page","type-page","status-publish","hentry"],"uagb_featured_image_src":{"full":false,"thumbnail":false,"medium":false,"medium_large":false,"large":false,"1536x1536":false,"2048x2048":false},"uagb_author_info":{"display_name":"Administrator","author_link":"https:\/\/papilia.net\/papilia2021\/author\/administrator\/"},"uagb_comment_info":0,"uagb_excerpt":"\u00bfQui\u00e9nes somos? Granja Papilia Mariposas conocida como Papilia\u2026Delivering Wishes es un criadero 100% mexicano dedicado a reproducir y liberar mariposas vivas en el marco de eventos especiales. Nuestra labor tiene como fin principal el cuidado de los ecosistemas por lo que adem\u00e1s de las labores de crianza de mariposas nos dedicamos a educar y crear&hellip;","_links":{"self":[{"href":"https:\/\/papilia.net\/papilia2021\/wp-json\/wp\/v2\/pages\/3181","targetHints":{"allow":["GET"]}}],"collection":[{"href":"https:\/\/papilia.net\/papilia2021\/wp-json\/wp\/v2\/pages"}],"about":[{"href":"https:\/\/papilia.net\/papilia2021\/wp-json\/wp\/v2\/types\/page"}],"author":[{"embeddable":true,"href":"https:\/\/papilia.net\/papilia2021\/wp-json\/wp\/v2\/users\/1"}],"replies":[{"embeddable":true,"href":"https:\/\/papilia.net\/papilia2021\/wp-json\/wp\/v2\/comments?post=3181"}],"version-history":[{"count":6,"href":"https:\/\/papilia.net\/papilia2021\/wp-json\/wp\/v2\/pages\/3181\/revisions"}],"predecessor-version":[{"id":3403,"href":"https:\/\/papilia.net\/papilia2021\/wp-json\/wp\/v2\/pages\/3181\/revisions\/3403"}],"wp:attachment":[{"href":"https:\/\/papilia.net\/papilia2021\/wp-json\/wp\/v2\/media?parent=3181"}],"curies":[{"name":"wp","href":"https:\/\/api.w.org\/{rel}","templated":true}]}}